{"id":346,"date":"2025-01-14T22:16:32","date_gmt":"2025-01-14T21:16:32","guid":{"rendered":"https:\/\/pilatesbaindebretagne.fr\/?page_id=346"},"modified":"2025-01-14T22:50:28","modified_gmt":"2025-01-14T21:50:28","slug":"votre-professeure","status":"publish","type":"page","link":"https:\/\/pilatesbaindebretagne.fr\/index.php\/votre-professeure\/","title":{"rendered":"Votre Professeure"},"content":{"rendered":"\t\t<div data-elementor-type=\"wp-page\" data-elementor-id=\"346\" class=\"elementor elementor-346\">\n\t\t\t\t\t\t<section class=\"elementor-section elementor-top-section elementor-element elementor-element-925d02a elementor-section-boxed elementor-section-height-default elementor-section-height-default\" data-id=\"925d02a\" data-element_type=\"section\" data-settings=\"{&quot;shape_divider_top&quot;:&quot;mountains&quot;}\">\n\t\t\t\t\t<div class=\"elementor-shape elementor-shape-top\" data-negative=\"false\">\n\t\t\t<svg xmlns=\"http:\/\/www.w3.org\/2000\/svg\" viewBox=\"0 0 1000 100\" preserveAspectRatio=\"none\">\n\t<path class=\"elementor-shape-fill\" opacity=\"0.33\" d=\"M473,67.3c-203.9,88.3-263.1-34-320.3,0C66,119.1,0,59.7,0,59.7V0h1000v59.7 c0,0-62.1,26.1-94.9,29.3c-32.8,3.3-62.8-12.3-75.8-22.1C806,49.6,745.3,8.7,694.9,4.7S492.4,59,473,67.3z\"\/>\n\t<path class=\"elementor-shape-fill\" opacity=\"0.66\" d=\"M734,67.3c-45.5,0-77.2-23.2-129.1-39.1c-28.6-8.7-150.3-10.1-254,39.1 s-91.7-34.4-149.2,0C115.7,118.3,0,39.8,0,39.8V0h1000v36.5c0,0-28.2-18.5-92.1-18.5C810.2,18.1,775.7,67.3,734,67.3z\"\/>\n\t<path class=\"elementor-shape-fill\" d=\"M766.1,28.9c-200-57.5-266,65.5-395.1,19.5C242,1.8,242,5.4,184.8,20.6C128,35.8,132.3,44.9,89.9,52.5C28.6,63.7,0,0,0,0 h1000c0,0-9.9,40.9-83.6,48.1S829.6,47,766.1,28.9z\"\/>\n<\/svg>\t\t<\/div>\n\t\t\t\t\t<div class=\"elementor-container elementor-column-gap-default\">\n\t\t\t\t\t<div class=\"elementor-column elementor-col-100 elementor-top-column elementor-element elementor-element-28420c3\" data-id=\"28420c3\" data-element_type=\"column\">\n\t\t\t<div class=\"elementor-widget-wrap elementor-element-populated\">\n\t\t\t\t\t\t<div class=\"elementor-element elementor-element-66296df elementor-widget-tablet__width-inherit elementor-widget-mobile__width-inherit elementor-widget elementor-widget-heading\" data-id=\"66296df\" data-element_type=\"widget\" data-widget_type=\"heading.default\">\n\t\t\t\t<div class=\"elementor-widget-container\">\n\t\t\t\t\t<h1 class=\"elementor-heading-title elementor-size-default\">M\u00e9lanie Gautier<\/h1>\t\t\t\t<\/div>\n\t\t\t\t<\/div>\n\t\t\t\t<div class=\"elementor-element elementor-element-92c4791 elementor-position-top elementor-widget elementor-widget-image-box\" data-id=\"92c4791\" data-element_type=\"widget\" data-widget_type=\"image-box.default\">\n\t\t\t\t<div class=\"elementor-widget-container\">\n\t\t\t\t\t<div class=\"elementor-image-box-wrapper\"><figure class=\"elementor-image-box-img\"><img fetchpriority=\"high\" decoding=\"async\" width=\"982\" height=\"1080\" src=\"https:\/\/pilatesbaindebretagne.fr\/wp-content\/uploads\/2024\/03\/Trame-empreinte-BLEU.ai_.png\" class=\"attachment-full size-full wp-image-303\" alt=\"\" srcset=\"https:\/\/pilatesbaindebretagne.fr\/wp-content\/uploads\/2024\/03\/Trame-empreinte-BLEU.ai_.png 982w, https:\/\/pilatesbaindebretagne.fr\/wp-content\/uploads\/2024\/03\/Trame-empreinte-BLEU.ai_-273x300.png 273w, https:\/\/pilatesbaindebretagne.fr\/wp-content\/uploads\/2024\/03\/Trame-empreinte-BLEU.ai_-931x1024.png 931w, https:\/\/pilatesbaindebretagne.fr\/wp-content\/uploads\/2024\/03\/Trame-empreinte-BLEU.ai_-768x845.png 768w\" sizes=\"(max-width: 982px) 100vw, 982px\" \/><\/figure><div class=\"elementor-image-box-content\"><h3 class=\"elementor-image-box-title\">Mon parcours<\/h3><p class=\"elementor-image-box-description\">Forte de 15 ann\u00e9es d'exp\u00e9rience en tant qu\u2019infirmi\u00e8re mes comp\u00e9tences professionnelles se sont forg\u00e9es au sein du domaine exigeant des soins de sant\u00e9. Outre l\u2019apprentissage de la physiologie et des techniques de soin, c\u2019est la relation humaine qui nourrit mon travail. <br><br>Au fil du temps, j'ai ressenti le besoin d'\u00e9largir mon champ de comp\u00e9tences. Motiv\u00e9e par un d\u00e9sir profond d'autonomie j'ai entrepris une reconversion en ost\u00e9opathie. Pendant 3 ann\u00e9es j'ai construit des bases solides en connaissances anatomiques et physiologiques, j'ai d\u00e9velopp\u00e9 mon sens de l'observation des corps et d\u2019analyse du mouvement. <br><br>C'est en 2008 que je rencontre la m\u00e9thode Pilates. Je suis encore infirmi\u00e8re, et je subis les maux courant de mon m\u00e9tier : mal de dos, tension dans les \u00e9paules, charge mentale\u2026 Chaque s\u00e9ance de Pilates m'am\u00e8ne de la d\u00e9tente, une pause hors du temps, je me reconnecte avec mon corps et je ne pense \u00e0 rien d'autre qu\u2019aux consignes qui me sont donn\u00e9es. En quittant le cours je me sens bien, forte, allong\u00e9e, grandie. Je retrouve dans cette pratique, la puissance de la gymnaste et la fluidit\u00e9 de la danseuse, mes activit\u00e9s de \u00ab jeunesse \u00bb. <br><br>En avan\u00e7ant dans la pratique est n\u00e9e l\u2019envie de me challenger et d\u2019approfondir la compr\u00e9hension de la m\u00e9thode. C\u2019est alors que je me lance dans la formation de Professeur de Pilates au centre Pilates Nantes, \u00e9cole reconnue par la FPMP (F\u00e9d\u00e9ration des Professionnels de la M\u00e9thode Pilates) gage de qualit\u00e9 et de respect des principes de la m\u00e9thode originelle. <br><br>Aujourd'hui ma pratique professionnelle int\u00e8gre l'exp\u00e9rience riche de l'infirmi\u00e8re, les bases solides en anatomie et ma passion pour la m\u00e9thode Pilates. Je m'efforce de fusionner ces diff\u00e9rentes comp\u00e9tences pour offrir un accompagnement holistique et personnalis\u00e9 dans la m\u00e9thode Pilates empreints de qualit\u00e9, d'empathie et d'expertise.<\/p><\/div><\/div>\t\t\t\t<\/div>\n\t\t\t\t<\/div>\n\t\t\t\t<div class=\"elementor-element elementor-element-49e0ca8 elementor-align-center elementor-widget elementor-widget-button\" data-id=\"49e0ca8\" data-element_type=\"widget\" data-widget_type=\"button.default\">\n\t\t\t\t<div class=\"elementor-widget-container\">\n\t\t\t\t\t\t\t\t\t<div class=\"elementor-button-wrapper\">\n\t\t\t\t\t<a class=\"elementor-button elementor-button-link elementor-size-sm\" href=\"https:\/\/pilatesbaindebretagne.fr\">\n\t\t\t\t\t\t<span class=\"elementor-button-content-wrapper\">\n\t\t\t\t\t\t\t\t\t<span class=\"elementor-button-text\">Revenir \u00e0 la page d'accueil<\/span>\n\t\t\t\t\t<\/span>\n\t\t\t\t\t<\/a>\n\t\t\t\t<\/div>\n\t\t\t\t\t\t\t\t<\/div>\n\t\t\t\t<\/div>\n\t\t\t\t\t<\/div>\n\t\t<\/div>\n\t\t\t\t\t<\/div>\n\t\t<\/section>\n\t\t\t\t<\/div>\n\t\t","protected":false},"excerpt":{"rendered":"<p>M\u00e9lanie Gautier Mon parcours Forte de 15 ann\u00e9es d&rsquo;exp\u00e9rience en tant qu\u2019infirmi\u00e8re mes comp\u00e9tences professionnelles se sont forg\u00e9es au sein du domaine exigeant des soins de sant\u00e9. Outre l\u2019apprentissage de la physiologie et des techniques de soin, c\u2019est la relation humaine qui nourrit mon travail. Au fil du temps, j&rsquo;ai ressenti le besoin d&rsquo;\u00e9largir mon &hellip;<\/p>\n","protected":false},"author":2,"featured_media":0,"parent":0,"menu_order":0,"comment_status":"closed","ping_status":"closed","template":"page-templates\/page-builder.php","meta":{"footnotes":""},"class_list":["post-346","page","type-page","status-publish","hentry"],"_links":{"self":[{"href":"https:\/\/pilatesbaindebretagne.fr\/index.php\/wp-json\/wp\/v2\/pages\/346","targetHints":{"allow":["GET"]}}],"collection":[{"href":"https:\/\/pilatesbaindebretagne.fr\/index.php\/wp-json\/wp\/v2\/pages"}],"about":[{"href":"https:\/\/pilatesbaindebretagne.fr\/index.php\/wp-json\/wp\/v2\/types\/page"}],"author":[{"embeddable":true,"href":"https:\/\/pilatesbaindebretagne.fr\/index.php\/wp-json\/wp\/v2\/users\/2"}],"replies":[{"embeddable":true,"href":"https:\/\/pilatesbaindebretagne.fr\/index.php\/wp-json\/wp\/v2\/comments?post=346"}],"version-history":[{"count":40,"href":"https:\/\/pilatesbaindebretagne.fr\/index.php\/wp-json\/wp\/v2\/pages\/346\/revisions"}],"predecessor-version":[{"id":398,"href":"https:\/\/pilatesbaindebretagne.fr\/index.php\/wp-json\/wp\/v2\/pages\/346\/revisions\/398"}],"wp:attachment":[{"href":"https:\/\/pilatesbaindebretagne.fr\/index.php\/wp-json\/wp\/v2\/media?parent=346"}],"curies":[{"name":"wp","href":"https:\/\/api.w.org\/{rel}","templated":true}]}}